{"id":2,"date":"2015-02-17T00:34:56","date_gmt":"2015-02-17T00:34:56","guid":{"rendered":"http:\/\/desios.de\/?page_id=2"},"modified":"2021-01-12T10:38:09","modified_gmt":"2021-01-12T08:38:09","slug":"ueber_uns","status":"publish","type":"page","link":"http:\/\/desios.de\/index.php\/ueber_uns\/?lang=de","title":{"rendered":"\u00dcber uns"},"content":{"rendered":"<p><\/p>\n<h5 style=\"text-align: justify;\">Das Unternehmen DESIOS<\/h5>\n<p style=\"text-align: justify;\">wurde 2015 von Dipl.-Ing. (FH) Michael L\u00fcders gegr\u00fcndet, der seine Projekterfahrung im Schiffbau und Offshore Windenergie in 17 Jahren bei der Firma SAM Electronics GmbH in Hamburg erworben hat. Dort war er erfolgreich t\u00e4tig als Projektierungsingenieur f\u00fcr Schaltanlagen, Projektleiter f\u00fcr die komplette elektrotechnische Ausr\u00fcstung von Schiffen im In- und Ausland und zuletzt auch als Vertriebsleiter f\u00fcr Turn-key Projekte im Schiffbau und in der Offshore Windenergie.<\/p>\n<h5 style=\"text-align: justify;\"><img loading=\"lazy\" decoding=\"async\" class=\"size-medium wp-image-425 alignleft\" src=\"http:\/\/desios.de\/wp-content\/uploads\/2015\/02\/wheel-300x150.jpg\" alt=\"Steering wheel\" width=\"300\" height=\"150\"><\/h5>\n<p style=\"text-align: justify;\">Aus den gesammelten Erfahrungen und vielen Gespr\u00e4chen mit Reedern, Werften, Stahlbauunternehmen und weiteren Gesch\u00e4ftspartnern entstanden die Idee und das Konzept f\u00fcr ein Unternehmen, welches system\u00fcbergreifende, flexible und ziel-,&nbsp; bzw. kundenorientierte L\u00f6sungen anbietet.<\/p>\n<p style=\"text-align: justify;\">Wir von DESIOS richten unseren Fokus dabei insbesondere auf Nachhaltigkeit und langfristige Partnerschaften, um f\u00fcr Sie eine verl\u00e4ssliche Gr\u00f6\u00dfe zu sein. W\u00e4hrend der Projekte stehen wir in st\u00e4ndigem Kontakt mit unseren Kunden und allen beteiligten Unternehmen, k\u00f6nnen so potentielle Probleme fr\u00fchzeitig erkennen, oder besser noch, von vornherein vermeiden.<\/p>\n<p>&nbsp;<\/p>\n<hr>\n<div style=\"clear: both;\"><\/div>\n<p style=\"text-align: justify;\">Michael L\u00fcders Referenzen in Projektabwicklung, Projektleitung und Vertrieb sind u.a.:<\/p>\n<ul style=\"text-align: justify;\">\n<li>Projektierung von Niederspannungsschaltanlagen in diversen Schiffbauprojekten<\/li>\n<li>Aufbau des Gesch\u00e4ftsfeldes Offshore Windenergie bei SAM Electronics<\/li>\n<li>Projektmanagement mit Leitung\/Systemverantwortung\n<ul>\n<li>bei RoRo F\u00e4hren<\/li>\n<li>Kreuzfahrtschiff &#8222;Pride of America&#8220;<\/li>\n<li>Forschungsschiff &#8222;Maria S. Merian&#8220;<\/li>\n<li>Mega Yachten<\/li>\n<\/ul>\n<\/li>\n<li>Vertriebserfolge\n<ul>\n<li>Elektrische Systeme Mega Yacht<\/li>\n<li>Turn-key Paket Kabelleger<\/li>\n<li>Ausr\u00fcstung von Transition Pieces und Plattformen in der Offshore Windenergie<\/li>\n<\/ul>\n<\/li>\n<\/ul>\n<p>&nbsp;<\/p>\n<hr>\n<p style=\"text-align: justify;\">Michael L\u00fcders ist zudem Beisitzer im Vorstand des WindEnergy Network e.V. aus Rostock, dessen Ziele (u.a. <em>\u201cOrganisation der interdisziplin\u00e4ren regionalen und \u00fcberregionalen Zusammenarbeit von Unternehmen, Einrichtungen und Institutionen aus dem Bereich der Windenergie&#8230;\u201d<\/em>) genauso f\u00fcr Nachhaltigkeit, system\u00fcbergreifende Kooperationen und B\u00fcndelung des Know-How stehen, wie die Arbeit von DESIOS.<\/p>\n<p style=\"text-align: justify;\">Sprechen Sie uns gerne an, damit wir Ihnen unser Leistungsportfolio n\u00e4her bringen k\u00f6nnen.<\/p>\n<p>&nbsp;<\/p>","protected":false},"excerpt":{"rendered":"<p>Das Unternehmen DESIOS wurde 2015 von Dipl.-Ing. (FH) Michael L\u00fcders gegr\u00fcndet, der seine Projekterfahrung im Schiffbau und Offshore Windenergie in 17 Jahren bei der Firma SAM Electronics GmbH in Hamburg erworben hat. Dort war er erfolgreich t\u00e4tig als Projektierungsingenieur f\u00fcr Schaltanlagen, Projektleiter f\u00fcr die komplette elektrotechnische Ausr\u00fcstung von Schiffen im In- und Ausland und zuletzt [&hellip;]<\/p>\n","protected":false},"author":1,"featured_media":0,"parent":0,"menu_order":3,"comment_status":"closed","ping_status":"closed","template":"","meta":{"footnotes":""},"class_list":["post-2","page","type-page","status-publish","hentry","post"],"_links":{"self":[{"href":"http:\/\/desios.de\/index.php\/wp-json\/wp\/v2\/pages\/2","targetHints":{"allow":["GET"]}}],"collection":[{"href":"http:\/\/desios.de\/index.php\/wp-json\/wp\/v2\/pages"}],"about":[{"href":"http:\/\/desios.de\/index.php\/wp-json\/wp\/v2\/types\/page"}],"author":[{"embeddable":true,"href":"http:\/\/desios.de\/index.php\/wp-json\/wp\/v2\/users\/1"}],"replies":[{"embeddable":true,"href":"http:\/\/desios.de\/index.php\/wp-json\/wp\/v2\/comments?post=2"}],"version-history":[{"count":46,"href":"http:\/\/desios.de\/index.php\/wp-json\/wp\/v2\/pages\/2\/revisions"}],"predecessor-version":[{"id":700,"href":"http:\/\/desios.de\/index.php\/wp-json\/wp\/v2\/pages\/2\/revisions\/700"}],"wp:attachment":[{"href":"http:\/\/desios.de\/index.php\/wp-json\/wp\/v2\/media?parent=2"}],"curies":[{"name":"wp","href":"https:\/\/api.w.org\/{rel}","templated":true}]}}