{"id":221,"date":"2015-09-28T10:59:14","date_gmt":"2015-09-28T08:59:14","guid":{"rendered":"http:\/\/desios.de\/?page_id=221"},"modified":"2015-10-14T14:11:58","modified_gmt":"2015-10-14T12:11:58","slug":"unsere_partner","status":"publish","type":"page","link":"http:\/\/desios.de\/index.php\/unsere_partner\/?lang=de","title":{"rendered":"Gesch\u00e4ftspartner"},"content":{"rendered":"<p><\/p>\n<h5>Die verl\u00e4ssliche Zusammenarbeit mit unseren Gesch\u00e4ftspartnern ist unsere St\u00e4rke<\/h5>\n\n\t\t<style type=\"text\/css\">\n\t\t\t#gallery-2 {\n\t\t\t\tmargin: auto;\n\t\t\t}\n\t\t\t#gallery-2 .gallery-item {\n\t\t\t\tfloat: left;\n\t\t\t\tmargin-top: 10px;\n\t\t\t\ttext-align: center;\n\t\t\t\twidth: 50%;\n\t\t\t}\n\t\t\t#gallery-2 img {\n\t\t\t\tborder: 2px solid #cfcfcf;\n\t\t\t}\n\t\t\t#gallery-2 .gallery-caption {\n\t\t\t\tmargin-left: 0;\n\t\t\t}\n\t\t\t\/* see gallery_shortcode() in wp-includes\/media.php *\/\n\t\t<\/style>\n\t\t<div id='gallery-2' class='gallery galleryid-221 gallery-columns-2 gallery-size-full'><dl class='gallery-item'>\n\t\t\t<dt class='gallery-icon landscape'>\n\t\t\t\t<a href=\"http:\/\/sabik.com\/\" target=\"_blank\" class=\"set-target no-lightbox\"><img loading=\"lazy\" decoding=\"async\" width=\"250\" height=\"250\" src=\"http:\/\/desios.de\/wp-content\/uploads\/2015\/09\/sabik-logo.jpg\" class=\"attachment-full size-full\" alt=\"\" srcset=\"http:\/\/desios.de\/wp-content\/uploads\/2015\/09\/sabik-logo.jpg 250w, http:\/\/desios.de\/wp-content\/uploads\/2015\/09\/sabik-logo-150x150.jpg 150w\" sizes=\"auto, (max-width: 250px) 100vw, 250px\" \/><\/a>\n\t\t\t<\/dt><\/dl><dl class='gallery-item'>\n\t\t\t<dt class='gallery-icon landscape'>\n\t\t\t\t<a href=\"http:\/\/sam-electronics.de\" target=\"_blank\" class=\"set-target no-lightbox\"><img loading=\"lazy\" decoding=\"async\" width=\"250\" height=\"250\" src=\"http:\/\/desios.de\/wp-content\/uploads\/2015\/09\/wartsila-logo.jpg\" class=\"attachment-full size-full\" alt=\"\" srcset=\"http:\/\/desios.de\/wp-content\/uploads\/2015\/09\/wartsila-logo.jpg 250w, http:\/\/desios.de\/wp-content\/uploads\/2015\/09\/wartsila-logo-150x150.jpg 150w\" sizes=\"auto, (max-width: 250px) 100vw, 250px\" \/><\/a>\n\t\t\t<\/dt><\/dl><br style=\"clear: both\" \/><dl class='gallery-item'>\n\t\t\t<dt class='gallery-icon landscape'>\n\t\t\t\t<a href=\"http:\/\/abh-emden.com\/\" target=\"_blank\" class=\"set-target no-lightbox\"><img loading=\"lazy\" decoding=\"async\" width=\"250\" height=\"250\" src=\"http:\/\/desios.de\/wp-content\/uploads\/2015\/09\/abh-logo.jpg\" class=\"attachment-full size-full\" alt=\"\" srcset=\"http:\/\/desios.de\/wp-content\/uploads\/2015\/09\/abh-logo.jpg 250w, http:\/\/desios.de\/wp-content\/uploads\/2015\/09\/abh-logo-150x150.jpg 150w\" sizes=\"auto, (max-width: 250px) 100vw, 250px\" \/><\/a>\n\t\t\t<\/dt><\/dl><dl class='gallery-item'>\n\t\t\t<dt class='gallery-icon landscape'>\n\t\t\t\t<a href=\"http:\/\/airwerk.com\/\" target=\"_blank\" class=\"set-target no-lightbox\"><img loading=\"lazy\" decoding=\"async\" width=\"250\" height=\"250\" src=\"http:\/\/desios.de\/wp-content\/uploads\/2015\/09\/airwerk-logo.jpg\" class=\"attachment-full size-full\" alt=\"\" srcset=\"http:\/\/desios.de\/wp-content\/uploads\/2015\/09\/airwerk-logo.jpg 250w, http:\/\/desios.de\/wp-content\/uploads\/2015\/09\/airwerk-logo-150x150.jpg 150w\" sizes=\"auto, (max-width: 250px) 100vw, 250px\" \/><\/a>\n\t\t\t<\/dt><\/dl><br style=\"clear: both\" \/>\n\t\t<\/div>\n\n<p>&nbsp;<\/p>","protected":false},"excerpt":{"rendered":"<p>Die verl\u00e4ssliche Zusammenarbeit mit unseren Gesch\u00e4ftspartnern ist unsere St\u00e4rke &nbsp;<\/p>\n","protected":false},"author":1,"featured_media":0,"parent":0,"menu_order":0,"comment_status":"closed","ping_status":"closed","template":"","meta":{"footnotes":""},"class_list":["post-221","page","type-page","status-publish","hentry","post"],"_links":{"self":[{"href":"http:\/\/desios.de\/index.php\/wp-json\/wp\/v2\/pages\/221","targetHints":{"allow":["GET"]}}],"collection":[{"href":"http:\/\/desios.de\/index.php\/wp-json\/wp\/v2\/pages"}],"about":[{"href":"http:\/\/desios.de\/index.php\/wp-json\/wp\/v2\/types\/page"}],"author":[{"embeddable":true,"href":"http:\/\/desios.de\/index.php\/wp-json\/wp\/v2\/users\/1"}],"replies":[{"embeddable":true,"href":"http:\/\/desios.de\/index.php\/wp-json\/wp\/v2\/comments?post=221"}],"version-history":[{"count":41,"href":"http:\/\/desios.de\/index.php\/wp-json\/wp\/v2\/pages\/221\/revisions"}],"predecessor-version":[{"id":600,"href":"http:\/\/desios.de\/index.php\/wp-json\/wp\/v2\/pages\/221\/revisions\/600"}],"wp:attachment":[{"href":"http:\/\/desios.de\/index.php\/wp-json\/wp\/v2\/media?parent=221"}],"curies":[{"name":"wp","href":"https:\/\/api.w.org\/{rel}","templated":true}]}}