{"id":15,"date":"2015-02-18T18:38:23","date_gmt":"2015-02-18T16:38:23","guid":{"rendered":"http:\/\/desios.de\/?page_id=15"},"modified":"2015-10-12T14:31:26","modified_gmt":"2015-10-12T12:31:26","slug":"leistungen","status":"publish","type":"page","link":"https:\/\/desios.de\/index.php\/leistungen\/?lang=de","title":{"rendered":"Leistungen"},"content":{"rendered":"<p><\/p>\n<h5 style=\"text-align: justify;\">Zu unseren Leistungen geh\u00f6ren:<\/h5>\n<p style=\"text-align: justify;\"><strong>Consulting<\/strong><\/p>\n<p style=\"text-align: justify;\">Wir begleiten Ihre Projekte von den ersten Beratungsgespr\u00e4chen bis zur Inbetriebnahme der Anlagen und Systeme und auch w\u00e4hrend des langj\u00e4hrigen Betriebes. Wir sorgen also f\u00fcr die optimale technische Umsetzung Ihrer Projekte. Technische Sachverhalte beurteilen und kl\u00e4ren wir mit der Kompetenz aus unserer langj\u00e4hrigen Erfahrung aus Schiffbau und Offshore Windenergie. Ziel der system\u00fcbergreifenden Optimierung ist es, die Funktionalit\u00e4t Ihres Gesamtsystems zu steigern und die Projektergebnisse zu optimieren. Dadurch k\u00f6nnen Risiken f\u00fcr die Installations- und vor allem Inbetriebnahmeprozesse und damit f\u00fcr die Budgets minimiert werden. Zudem k\u00f6nnen m\u00f6gliche Qualit\u00e4tsm\u00e4ngel durch unsere Baubegleitung und durch Werksabnahmen von Komponenten von Anfang an auf ein absolutes Minimum reduziert werden.<\/p>\n<p>&nbsp;<\/p>\n<hr \/>\n<h5><img loading=\"lazy\" decoding=\"async\" class=\"alignright size-medium wp-image-446\" src=\"http:\/\/desios.de\/wp-content\/uploads\/2015\/02\/diagram-300x150.jpg\" alt=\"diagram\" width=\"300\" height=\"150\" \/><\/h5>\n<p style=\"text-align: justify;\"><strong>Design, Engineering und System Integration<\/strong><\/p>\n<ul style=\"text-align: justify;\">\n<li>Erstellen von Teilbereichen (E-Technik), von Bauspezifikationen (Schiffbau) und Employer&#8217;s Requirements (Offshore Windenergie)<\/li>\n<li>Konzepterstellungen, Basic und Detailed Design<\/li>\n<li>Einrichtungsplanung und zeichnung elektrischer Betriebs- und Kontrollr\u00e4ume<\/li>\n<li>Beleuchtungsplanungen und \u2013berechnungen<\/li>\n<li>E-Bilanz und Verbraucherlisten<\/li>\n<li>Schalt-, und Automationsanlagen, Alarm und Monitoring Systeme<\/li>\n<li>Messstellenlisten<\/li>\n<li>Kabel-, und Kabelbahnplanungen<\/li>\n<li>Sicherheitssysteme, Web-Visualisierung, Speicherprogrammierbare Steuerungen (SPS)<\/li>\n<li>Dokumentation<\/li>\n<li>Pr\u00fcfung elektrischer Unterlagen (&#8222;Document approval&#8220;)<\/li>\n<li>Stellung und Unterst\u00fctzung von Bauaufsichten und Baubegleitung<\/li>\n<\/ul>\n<p>&nbsp;<\/p>","protected":false},"excerpt":{"rendered":"<p>Zu unseren Leistungen geh\u00f6ren: Consulting Wir begleiten Ihre Projekte von den ersten Beratungsgespr\u00e4chen bis zur Inbetriebnahme der Anlagen und Systeme und auch w\u00e4hrend des langj\u00e4hrigen Betriebes. Wir sorgen also f\u00fcr die optimale technische Umsetzung Ihrer Projekte. Technische Sachverhalte beurteilen und kl\u00e4ren wir mit der Kompetenz aus unserer langj\u00e4hrigen Erfahrung aus Schiffbau und Offshore Windenergie. Ziel [&hellip;]<\/p>\n","protected":false},"author":1,"featured_media":0,"parent":0,"menu_order":0,"comment_status":"closed","ping_status":"closed","template":"","meta":{"footnotes":""},"class_list":["post-15","page","type-page","status-publish","hentry","post"],"_links":{"self":[{"href":"https:\/\/desios.de\/index.php\/wp-json\/wp\/v2\/pages\/15","targetHints":{"allow":["GET"]}}],"collection":[{"href":"https:\/\/desios.de\/index.php\/wp-json\/wp\/v2\/pages"}],"about":[{"href":"https:\/\/desios.de\/index.php\/wp-json\/wp\/v2\/types\/page"}],"author":[{"embeddable":true,"href":"https:\/\/desios.de\/index.php\/wp-json\/wp\/v2\/users\/1"}],"replies":[{"embeddable":true,"href":"https:\/\/desios.de\/index.php\/wp-json\/wp\/v2\/comments?post=15"}],"version-history":[{"count":47,"href":"https:\/\/desios.de\/index.php\/wp-json\/wp\/v2\/pages\/15\/revisions"}],"predecessor-version":[{"id":550,"href":"https:\/\/desios.de\/index.php\/wp-json\/wp\/v2\/pages\/15\/revisions\/550"}],"wp:attachment":[{"href":"https:\/\/desios.de\/index.php\/wp-json\/wp\/v2\/media?parent=15"}],"curies":[{"name":"wp","href":"https:\/\/api.w.org\/{rel}","templated":true}]}}