{"id":55,"date":"2015-09-05T12:52:34","date_gmt":"2015-09-05T10:52:34","guid":{"rendered":"http:\/\/desios.de\/?page_id=55"},"modified":"2019-05-23T13:12:36","modified_gmt":"2019-05-23T11:12:36","slug":"vision","status":"publish","type":"page","link":"https:\/\/desios.de\/index.php\/vision\/?lang=de","title":{"rendered":"Vision"},"content":{"rendered":"<p><img loading=\"lazy\" decoding=\"async\" class=\"alignright size-full wp-image-327\" src=\"http:\/\/desios.de\/wp-content\/uploads\/2015\/09\/sailboat.jpg\" alt=\"sailboat\" width=\"300\" height=\"150\" \/><\/p>\n<h5>&#8222;Wer das Morgen nicht bedenkt,<br \/>\nwird Kummer haben,<br \/>\nbevor das Heute zuende geht.&#8220;<\/h5>\n<p>(Konfuzius)<\/p>\n<p style=\"text-align: justify;\">Die Verwendung hochwertiger, moderner Komponenten in einem Gesamtkomplex wie z.B. einem Schiff, einem Transition Piece oder einer Offshore Plattform gew\u00e4hrleistet zwar, dass alle Systeme und Anlagen einzeln betrachtet funktionieren, aber:<\/p>\n<ul style=\"text-align: justify;\">\n<li>Funktionieren sie auch miteinander?<\/li>\n<li>Sind sie \u00fcberhaupt f\u00fcr den geplanten Einsatzzweck geeignet?<\/li>\n<li>Hat man selbst ausreichend Erfahrungen und Ressourcen, um den \u00dcberblick zu behalten?<\/li>\n<li>K\u00f6nnen die Termine und Budgets eingehalten werden?<\/li>\n<\/ul>\n<hr \/>\n<p style=\"text-align: justify;\"><strong>System\u00fcbergreifendes Engineering<\/strong> unter Ber\u00fccksichtigung von Aspekten der Interaktion mit anderen Systemen, Installations- und Inbetriebnahmeprozessen minimiert die Risiken, die zu Kosten- und Termin\u00fcberschreitungen bei Installations- und Inbetriebnahmeprozessen f\u00fchren k\u00f6nnen. Durch eine vorausschauende Planung k\u00f6nnen bereits zu Beginn eines Projektes die Weichen f\u00fcr den sp\u00e4teren Projektverlauf gestellt werden, sodass:<\/p>\n<ul style=\"text-align: justify;\">\n<li style=\"text-align: justify;\">Risiken von vornherein minimiert werden<\/li>\n<li style=\"text-align: justify;\">Komponenten und Systeme konform mit Bauvorschrift und Regularien sind<\/li>\n<li style=\"text-align: justify;\">Montage-, Sicherheits- und Umgebungsbedingungen ber\u00fccksichtigt werden<\/li>\n<li style=\"text-align: justify;\">Wartungsanforderungen und \u2013m\u00f6glichkeiten ber\u00fccksichtigt sind<\/li>\n<\/ul>\n<p style=\"text-align: justify;\"><strong>W\u00e4hrend der Engineeringphase<\/strong> sind weiterhin folgende Themen wichtig:<\/p>\n<ul style=\"text-align: justify;\">\n<li style=\"text-align: justify;\">Minimierung der einzelnen Spannungsebenen<\/li>\n<li style=\"text-align: justify;\">Minimierung und Standardisierung von Schnittstellen<\/li>\n<li style=\"text-align: justify;\">Pr\u00fcfung und Umsetzung von Optimierungen des Kabelnetzes<\/li>\n<li style=\"text-align: justify;\">Wartungs- und servicegerechte Dokumentation<\/li>\n<\/ul>\n<p style=\"text-align: justify;\"><strong>Die Begleitung der Fertigungsphase<\/strong> und die \u00dcberwachung der Installationsprozesse k\u00f6nnen ebenfalls fr\u00fchzeitig Probleme aufdecken und weiterreichende Folgen minimieren.<\/p>\n<hr \/>\n<p style=\"text-align: justify;\"><strong>Auch wir von DESIOS<\/strong> k\u00f6nnen nat\u00fcrlich nicht alles selber machen, aber wir k\u00f6nnen daf\u00fcr sorgen, dass Sie alles aus einer Hand erhalten. Dies erm\u00f6glichen wir durch eine vertrauensvolle und bew\u00e4hrte Zusammenarbeit mit unseren verl\u00e4sslichen Partnern, wie z.B. abh, airwerk, Sabik, SEAR, W\u00e4rtsil\u00e4, sowie weitere.<\/p>\n<p><\/p>","protected":false},"excerpt":{"rendered":"<p>&#8222;Wer das Morgen nicht bedenkt, wird Kummer haben, bevor das Heute zuende geht.&#8220; (Konfuzius) Die Verwendung hochwertiger, moderner Komponenten in einem Gesamtkomplex wie z.B. einem Schiff, einem Transition Piece oder einer Offshore Plattform gew\u00e4hrleistet zwar, dass alle Systeme und Anlagen einzeln betrachtet funktionieren, aber: Funktionieren sie auch miteinander? Sind sie \u00fcberhaupt f\u00fcr den geplanten Einsatzzweck [&hellip;]<\/p>\n","protected":false},"author":1,"featured_media":0,"parent":0,"menu_order":1,"comment_status":"closed","ping_status":"closed","template":"","meta":{"footnotes":""},"class_list":["post-55","page","type-page","status-publish","hentry","post"],"_links":{"self":[{"href":"https:\/\/desios.de\/index.php\/wp-json\/wp\/v2\/pages\/55","targetHints":{"allow":["GET"]}}],"collection":[{"href":"https:\/\/desios.de\/index.php\/wp-json\/wp\/v2\/pages"}],"about":[{"href":"https:\/\/desios.de\/index.php\/wp-json\/wp\/v2\/types\/page"}],"author":[{"embeddable":true,"href":"https:\/\/desios.de\/index.php\/wp-json\/wp\/v2\/users\/1"}],"replies":[{"embeddable":true,"href":"https:\/\/desios.de\/index.php\/wp-json\/wp\/v2\/comments?post=55"}],"version-history":[{"count":165,"href":"https:\/\/desios.de\/index.php\/wp-json\/wp\/v2\/pages\/55\/revisions"}],"predecessor-version":[{"id":667,"href":"https:\/\/desios.de\/index.php\/wp-json\/wp\/v2\/pages\/55\/revisions\/667"}],"wp:attachment":[{"href":"https:\/\/desios.de\/index.php\/wp-json\/wp\/v2\/media?parent=55"}],"curies":[{"name":"wp","href":"https:\/\/api.w.org\/{rel}","templated":true}]}}