{"id":58,"date":"2015-09-05T12:53:29","date_gmt":"2015-09-05T10:53:29","guid":{"rendered":"http:\/\/desios.de\/?page_id=58"},"modified":"2021-01-12T10:41:35","modified_gmt":"2021-01-12T08:41:35","slug":"homepage","status":"publish","type":"page","link":"https:\/\/desios.de\/?lang=de","title":{"rendered":"Startseite"},"content":{"rendered":"<p><\/p>\n<h3>Herzlich willkommen<\/h3>\n<p style=\"text-align: justify;\">Die DESIOS GmbH ist ein Ingenieur- und Projektb\u00fcro mit Sitz in Schwerin. Die angebotenen Leistungen vorrangig in den Bereichen Elektrotechnik und Maschinenbau gehen \u00fcber Beratung, Planung, Konstruktion, Engineering, Projektabwicklung, Werks- und Lieferleistungen sowie Baubegleitung bis hin zur Integration verschiedener Systeme und Komponenten zu einem funktionierenden Gesamtsystem. Die T\u00e4tigkeitsfelder f\u00fcr Projekte im In- und Ausland decken sowohl Industrie und den Schiffbau f\u00fcr Schiffstypen aller Art, als auch die Erneuerbaren Energien, insbesondere die Offshore Windenergie ab.<\/p>\n<p style=\"text-align: justify;\">Was k\u00f6nnen wir f\u00fcr Sie tun ?<\/p>\n<p><\/p>","protected":false},"excerpt":{"rendered":"<p>Herzlich willkommen Die DESIOS GmbH ist ein Ingenieur- und Projektb\u00fcro mit Sitz in Schwerin. Die angebotenen Leistungen vorrangig in den Bereichen Elektrotechnik und Maschinenbau gehen \u00fcber Beratung, Planung, Konstruktion, Engineering, Projektabwicklung, Werks- und Lieferleistungen sowie Baubegleitung bis hin zur Integration verschiedener Systeme und Komponenten zu einem funktionierenden Gesamtsystem. Die T\u00e4tigkeitsfelder f\u00fcr Projekte im In- und [&hellip;]<\/p>\n","protected":false},"author":1,"featured_media":0,"parent":0,"menu_order":0,"comment_status":"closed","ping_status":"closed","template":"","meta":{"footnotes":""},"class_list":["post-58","page","type-page","status-publish","hentry","post"],"_links":{"self":[{"href":"https:\/\/desios.de\/index.php\/wp-json\/wp\/v2\/pages\/58","targetHints":{"allow":["GET"]}}],"collection":[{"href":"https:\/\/desios.de\/index.php\/wp-json\/wp\/v2\/pages"}],"about":[{"href":"https:\/\/desios.de\/index.php\/wp-json\/wp\/v2\/types\/page"}],"author":[{"embeddable":true,"href":"https:\/\/desios.de\/index.php\/wp-json\/wp\/v2\/users\/1"}],"replies":[{"embeddable":true,"href":"https:\/\/desios.de\/index.php\/wp-json\/wp\/v2\/comments?post=58"}],"version-history":[{"count":44,"href":"https:\/\/desios.de\/index.php\/wp-json\/wp\/v2\/pages\/58\/revisions"}],"predecessor-version":[{"id":702,"href":"https:\/\/desios.de\/index.php\/wp-json\/wp\/v2\/pages\/58\/revisions\/702"}],"wp:attachment":[{"href":"https:\/\/desios.de\/index.php\/wp-json\/wp\/v2\/media?parent=58"}],"curies":[{"name":"wp","href":"https:\/\/api.w.org\/{rel}","templated":true}]}}